{"id":130,"date":"2020-08-05T13:26:14","date_gmt":"2020-08-05T11:26:14","guid":{"rendered":"https:\/\/shop.fonira.at\/index.php\/impressum\/"},"modified":"2025-06-26T11:46:02","modified_gmt":"2025-06-26T09:46:02","slug":"impressum","status":"publish","type":"page","link":"https:\/\/shop.fonira.at\/index.php\/impressum\/","title":{"rendered":"Impressum"},"content":{"rendered":"\n<p><strong>fonira Telekom GmbH<\/strong><br>Aderklaaer Stra\u00dfe 29\/1\/33<br>A-1210 Wien<\/p>\n\n\n\n<p>Tel: +43 1 35300<br>Fax: +43 1 35300-9100<br><a href=\"mailto:%20kontakt@fonira.at\">kontakt@fonira.at<\/a><\/p>\n\n\n\n<p>Rechtsform: GmbH<br>Sitz: Wien,&nbsp;FN: 199373x, HG Wien<\/p>\n\n\n\n<p><strong>Steuerdaten:<\/strong><br>F\u00fcr \u00d6sterreich\/EU:&nbsp;UID: AT U50422001<br>F\u00fcr Deutschland:&nbsp;USt-IdNr.: DE320296485<\/p>\n\n\n\n<p><strong>Bankverbindung:<\/strong><br>Erste Bank<br>IBAN: AT20 2011 1292 3699 9500<br>BIC: GIBAATWWXXX<\/p>\n\n\n\n<p><strong>F\u00fcr Bankeinz\u00fcge \/ SEPA-Lastschriften:<\/strong><br>Creditor-ID: AT47 ZZZ0 0000 0033 58<br>Mandatsreferenz: Ihre Kundennummer (28xxxx oder 20xxxx)<\/p>\n\n\n\n<p>Aufsichtsbeh\u00f6rde:<br><a rel=\"noreferrer noopener\" href=\"https:\/\/www.rtr.at\/\" target=\"_blank\">RTR Rundfunk und Telekom Regulierungs GmbH<\/a><br>Kammerzugeh\u00f6rigkeit:<br><a rel=\"noreferrer noopener\" href=\"http:\/\/portal.wko.at\/wk\/startseite.wk\" target=\"_blank\">Wirtschaftskammer \u00d6sterreich<\/a><br><a rel=\"noreferrer noopener\" href=\"http:\/\/portal.wko.at\/wk\/kontakt_dst.wk?DstID=5362\" target=\"_blank\">Fachverband Telekommunikations- und Rundfunkunternehmungen<\/a><\/p>\n","protected":false},"excerpt":{"rendered":"<p>fonira Telekom GmbHAderklaaer Stra\u00dfe 29\/1\/33A-1210 Wien Tel: +43 1 35300Fax: +43 1 35300-9100kontakt@fonira.at Rechtsform: GmbHSitz: Wien,&nbsp;FN: 199373x, HG Wien Steuerdaten:F\u00fcr \u00d6sterreich\/EU:&nbsp;UID: AT U50422001F\u00fcr Deutschland:&nbsp;USt-IdNr.: DE320296485 Bankverbindung:Erste BankIBAN: AT20 2011 1292 3699 9500BIC: GIBAATWWXXX F\u00fcr Bankeinz\u00fcge \/ SEPA-Lastschriften:Creditor-ID: AT47 ZZZ0 0000 0033 58Mandatsreferenz: Ihre Kundennummer (28xxxx oder 20xxxx) Aufsichtsbeh\u00f6rde:RTR Rundfunk und Telekom Regulierungs GmbHKammerzugeh\u00f6rigkeit:Wirtschaftskammer \u00d6sterreichFachverband Telekommunikations- [&hellip;]<\/p>\n","protected":false},"author":1,"featured_media":0,"parent":0,"menu_order":0,"comment_status":"closed","ping_status":"closed","template":"","meta":{"footnotes":""},"class_list":["post-130","page","type-page","status-publish","hentry"],"_links":{"self":[{"href":"https:\/\/shop.fonira.at\/index.php\/wp-json\/wp\/v2\/pages\/130","targetHints":{"allow":["GET"]}}],"collection":[{"href":"https:\/\/shop.fonira.at\/index.php\/wp-json\/wp\/v2\/pages"}],"about":[{"href":"https:\/\/shop.fonira.at\/index.php\/wp-json\/wp\/v2\/types\/page"}],"author":[{"embeddable":true,"href":"https:\/\/shop.fonira.at\/index.php\/wp-json\/wp\/v2\/users\/1"}],"replies":[{"embeddable":true,"href":"https:\/\/shop.fonira.at\/index.php\/wp-json\/wp\/v2\/comments?post=130"}],"version-history":[{"count":5,"href":"https:\/\/shop.fonira.at\/index.php\/wp-json\/wp\/v2\/pages\/130\/revisions"}],"predecessor-version":[{"id":740,"href":"https:\/\/shop.fonira.at\/index.php\/wp-json\/wp\/v2\/pages\/130\/revisions\/740"}],"wp:attachment":[{"href":"https:\/\/shop.fonira.at\/index.php\/wp-json\/wp\/v2\/media?parent=130"}],"curies":[{"name":"wp","href":"https:\/\/api.w.org\/{rel}","templated":true}]}}