{"id":126,"date":"2020-08-05T08:05:28","date_gmt":"2020-08-05T06:05:28","guid":{"rendered":"https:\/\/shop.fonira.at\/?post_type=product&#038;p=126"},"modified":"2026-04-01T20:31:33","modified_gmt":"2026-04-01T18:31:33","slug":"rj11-rj45-avm-kabel","status":"publish","type":"product","link":"https:\/\/shop.fonira.at\/index.php\/produkt\/rj11-rj45-avm-kabel\/","title":{"rendered":"RJ11 &#8211; RJ45 AVM Kabel"},"content":{"rendered":"","protected":false},"excerpt":{"rendered":"<p>Zum Anschlie\u00dfen einer FRITZ!Box an DSL \u00fcber eine RJ 11 Dose, in DE \u00fcber <a href=\"https:\/\/shop.fonira.at\/index.php\/produkt\/tae-stecker-de-auf-rj11\/\">TAE Stecker (DE) auf RJ11<\/a>, in CH \u00fcber\u00a0<a href=\"https:\/\/shop.fonira.at\/index.php\/produkt\/reichle-stecker-ch-auf-rj11\/\">Reichle Stecker (CH) auf RJ11<\/a> oder in AT mit\u00a0<a href=\"https:\/\/shop.fonira.at\/index.php\/produkt\/tdo-tst-at-auf-rj11\/\">TDO\/TST (AT) auf RJ11<\/a><\/p>\n<p>Es wird bei der 2-Draht Standardherstellung verwendet.<\/p>\n","protected":false},"featured_media":204,"comment_status":"open","ping_status":"closed","template":"","meta":[],"product_brand":[],"product_cat":[20],"product_tag":[],"class_list":{"0":"post-126","1":"product","2":"type-product","3":"status-publish","4":"has-post-thumbnail","6":"product_cat-zubehoer","8":"first","9":"instock","10":"taxable","11":"shipping-taxable","12":"purchasable","13":"product-type-simple"},"_links":{"self":[{"href":"https:\/\/shop.fonira.at\/index.php\/wp-json\/wp\/v2\/product\/126","targetHints":{"allow":["GET"]}}],"collection":[{"href":"https:\/\/shop.fonira.at\/index.php\/wp-json\/wp\/v2\/product"}],"about":[{"href":"https:\/\/shop.fonira.at\/index.php\/wp-json\/wp\/v2\/types\/product"}],"replies":[{"embeddable":true,"href":"https:\/\/shop.fonira.at\/index.php\/wp-json\/wp\/v2\/comments?post=126"}],"wp:featuredmedia":[{"embeddable":true,"href":"https:\/\/shop.fonira.at\/index.php\/wp-json\/wp\/v2\/media\/204"}],"wp:attachment":[{"href":"https:\/\/shop.fonira.at\/index.php\/wp-json\/wp\/v2\/media?parent=126"}],"wp:term":[{"taxonomy":"product_brand","embeddable":true,"href":"https:\/\/shop.fonira.at\/index.php\/wp-json\/wp\/v2\/product_brand?post=126"},{"taxonomy":"product_cat","embeddable":true,"href":"https:\/\/shop.fonira.at\/index.php\/wp-json\/wp\/v2\/product_cat?post=126"},{"taxonomy":"product_tag","embeddable":true,"href":"https:\/\/shop.fonira.at\/index.php\/wp-json\/wp\/v2\/product_tag?post=126"}],"curies":[{"name":"wp","href":"https:\/\/api.w.org\/{rel}","templated":true}]}}