{"id":402,"date":"2021-08-17T15:21:43","date_gmt":"2021-08-17T13:21:43","guid":{"rendered":"https:\/\/shop.fonira.at\/?post_type=product&#038;p=402"},"modified":"2026-04-16T13:10:52","modified_gmt":"2026-04-16T11:10:52","slug":"dx3301-t0-dual-band-wireless-ax1800-vdsl2-gateway","status":"publish","type":"product","link":"https:\/\/shop.fonira.at\/index.php\/produkt\/dx3301-t0-dual-band-wireless-ax1800-vdsl2-gateway\/","title":{"rendered":"DX3301-T0 Dual-Band Wireless AX1800 VDSL2\/Gateway"},"content":{"rendered":"<p>WLAN Modem f\u00fcr Fonira vorkonfiguriert<\/p>\n<ul>\n<li>VDSL2 17a<\/li>\n<li>VDSL 35b (VPLUS\/Supervecotring)<\/li>\n<li>VDSL-LR<\/li>\n<li>ADSL2+<\/li>\n<li>1x Gigabit Ethernet WAN<\/li>\n<li>4x Gigabit Ethernet<\/li>\n<li>1x RJ11 f\u00fcr VDSL<\/li>\n<li>2x RJ11 f\u00fcr Telefonie<\/li>\n<li>WLAN 2,5 GHz und 5 GHz (WIFI 6)<\/li>\n<\/ul>\n<p>Lieferumfang: Modem und Netzteil<\/p>\n<p>m\u00f6gl. Verwendungszwecke:<\/p>\n<ul>\n<li>als Reserve\/Haupt Modem<\/li>\n<\/ul>\n<p>Sollten Sie nur ein reines Bridge Modem ben\u00f6tigen w\u00fcrden wir Ihnen das <a href=\"https:\/\/shop.fonira.at\/index.php\/produkt\/zyxel-vmg4005-b50a\/\">VMG4005<\/a> empfehlen.<\/p>\n<p><span style=\"font-weight: 400;\">N\u00e4here Informationen gibt es beim Hersteller: <\/span><a href=\"https:\/\/service-provider.zyxel.com\/emea\/en\/products\/dsl-cpes\/vdsl\/dx3301dx3300ex3301ex3300-t0-series\"><span style=\"font-weight: 400;\">https:\/\/service-provider.zyxel.com\/emea\/en\/products\/dsl-cpes\/vdsl\/dx3301dx3300ex3301ex3300-t0-series<\/span><\/a><\/p>\n","protected":false},"excerpt":{"rendered":"<p>WLAN Modem f\u00fcr Fonira vorkonfiguriert VDSL2 17a VDSL 35b (VPLUS\/Supervecotring) VDSL-LR ADSL2+ 1x Gigabit Ethernet WAN 4x Gigabit Ethernet 1x RJ11 f\u00fcr VDSL 2x RJ11 f\u00fcr Telefonie WLAN 2,5 GHz und 5 GHz (WIFI 6) Lieferumfang: Modem und Netzteil m\u00f6gl. Verwendungszwecke: als Reserve\/Haupt Modem Sollten Sie nur ein reines Bridge Modem ben\u00f6tigen w\u00fcrden wir Ihnen [&hellip;]<\/p>\n","protected":false},"featured_media":404,"comment_status":"open","ping_status":"closed","template":"","meta":[],"product_brand":[],"product_cat":[17],"product_tag":[],"class_list":{"0":"post-402","1":"product","2":"type-product","3":"status-publish","4":"has-post-thumbnail","6":"product_cat-modems","8":"first","9":"instock","10":"taxable","11":"shipping-taxable","12":"purchasable","13":"product-type-simple"},"_links":{"self":[{"href":"https:\/\/shop.fonira.at\/index.php\/wp-json\/wp\/v2\/product\/402","targetHints":{"allow":["GET"]}}],"collection":[{"href":"https:\/\/shop.fonira.at\/index.php\/wp-json\/wp\/v2\/product"}],"about":[{"href":"https:\/\/shop.fonira.at\/index.php\/wp-json\/wp\/v2\/types\/product"}],"replies":[{"embeddable":true,"href":"https:\/\/shop.fonira.at\/index.php\/wp-json\/wp\/v2\/comments?post=402"}],"wp:featuredmedia":[{"embeddable":true,"href":"https:\/\/shop.fonira.at\/index.php\/wp-json\/wp\/v2\/media\/404"}],"wp:attachment":[{"href":"https:\/\/shop.fonira.at\/index.php\/wp-json\/wp\/v2\/media?parent=402"}],"wp:term":[{"taxonomy":"product_brand","embeddable":true,"href":"https:\/\/shop.fonira.at\/index.php\/wp-json\/wp\/v2\/product_brand?post=402"},{"taxonomy":"product_cat","embeddable":true,"href":"https:\/\/shop.fonira.at\/index.php\/wp-json\/wp\/v2\/product_cat?post=402"},{"taxonomy":"product_tag","embeddable":true,"href":"https:\/\/shop.fonira.at\/index.php\/wp-json\/wp\/v2\/product_tag?post=402"}],"curies":[{"name":"wp","href":"https:\/\/api.w.org\/{rel}","templated":true}]}}