{"id":61,"date":"2020-08-04T10:34:21","date_gmt":"2020-08-04T08:34:21","guid":{"rendered":"https:\/\/shop.fonira.at\/?post_type=product&#038;p=61"},"modified":"2026-02-16T10:21:54","modified_gmt":"2026-02-16T09:21:54","slug":"tdo-tst-at-auf-rj11","status":"publish","type":"product","link":"https:\/\/shop.fonira.at\/index.php\/produkt\/tdo-tst-at-auf-rj11\/","title":{"rendered":"TDO\/TST (AT) auf RJ11"},"content":{"rendered":"","protected":false},"excerpt":{"rendered":"<p>Adapter dem man in eine \u00f6sterreichische Telefondose stecken kann und der eine RJ 11 Buchse hat.<\/p>\n<p>m\u00f6gl. Verwendungszweck:<\/p>\n<ul>\n<li>in Kombination mit dem AVM RJ11 auf RJ45 Kabel zum Anschlie\u00dfen einer FRITZ!Box an einer \u00f6sterreichischen Telefondose<\/li>\n<li>Anschlie\u00dfen eines RJ11 Kabels an einer Telefondose -&gt; bessere Alternative TST RJ11 Kabel (\u00f6sterreichisches Telefonkabel)<\/li>\n<li>zusammenget\u00fcftelte Adapterbauwerke<\/li>\n<li>in Kombination mit AVM RJ11 auf RJ45 Adapter f\u00fcr analoge Telefonie und AVM Y Kabel um ein analoges Telefonsignal in eine FRITZ!Box 7590, 7490 oder 7390 zu bekommen. ( war fr\u00fcher bei analogen Leitungen m\u00f6glich. Bei Telefonie \u00fcber Fonira ist dies nicht mehr n\u00f6tig)<\/li>\n<\/ul>\n","protected":false},"featured_media":62,"comment_status":"open","ping_status":"closed","template":"","meta":[],"product_brand":[],"product_cat":[20],"product_tag":[31,33,34],"class_list":{"0":"post-61","1":"product","2":"type-product","3":"status-publish","4":"has-post-thumbnail","6":"product_cat-zubehoer","7":"product_tag-at","8":"product_tag-rj11","9":"product_tag-tdo","11":"first","12":"outofstock","13":"taxable","14":"shipping-taxable","15":"purchasable","16":"product-type-simple"},"_links":{"self":[{"href":"https:\/\/shop.fonira.at\/index.php\/wp-json\/wp\/v2\/product\/61","targetHints":{"allow":["GET"]}}],"collection":[{"href":"https:\/\/shop.fonira.at\/index.php\/wp-json\/wp\/v2\/product"}],"about":[{"href":"https:\/\/shop.fonira.at\/index.php\/wp-json\/wp\/v2\/types\/product"}],"replies":[{"embeddable":true,"href":"https:\/\/shop.fonira.at\/index.php\/wp-json\/wp\/v2\/comments?post=61"}],"wp:featuredmedia":[{"embeddable":true,"href":"https:\/\/shop.fonira.at\/index.php\/wp-json\/wp\/v2\/media\/62"}],"wp:attachment":[{"href":"https:\/\/shop.fonira.at\/index.php\/wp-json\/wp\/v2\/media?parent=61"}],"wp:term":[{"taxonomy":"product_brand","embeddable":true,"href":"https:\/\/shop.fonira.at\/index.php\/wp-json\/wp\/v2\/product_brand?post=61"},{"taxonomy":"product_cat","embeddable":true,"href":"https:\/\/shop.fonira.at\/index.php\/wp-json\/wp\/v2\/product_cat?post=61"},{"taxonomy":"product_tag","embeddable":true,"href":"https:\/\/shop.fonira.at\/index.php\/wp-json\/wp\/v2\/product_tag?post=61"}],"curies":[{"name":"wp","href":"https:\/\/api.w.org\/{rel}","templated":true}]}}