{"id":64,"date":"2020-08-04T13:16:46","date_gmt":"2020-08-04T11:16:46","guid":{"rendered":"https:\/\/shop.fonira.at\/?post_type=product&#038;p=64"},"modified":"2021-12-01T18:52:15","modified_gmt":"2021-12-01T17:52:15","slug":"zyxel-vmg4005-b50a","status":"publish","type":"product","link":"https:\/\/shop.fonira.at\/index.php\/produkt\/zyxel-vmg4005-b50a\/","title":{"rendered":"ZYXEL VMG4005-B50A"},"content":{"rendered":"","protected":false},"excerpt":{"rendered":"<p><span style=\"color: #ff0000;\"><strong>Achtung, nicht mehr \u00fcber den Shop erh\u00e4ltich. Diese Seite dient nur noch als Information \u00fcber das Ger\u00e4t.<\/strong><\/span><\/p>\n<p>&nbsp;<\/p>\n<p>Bridge Modem f\u00fcr Fonira vorkonfiguriert<\/p>\n<ul>\n<li>VDSL2 17a Bonding<\/li>\n<li>VDSL 35b (VPLUS\/Supervecotring), jedoch kein VPLUS Bonding <a href=\"https:\/\/shop.fonira.at\/index.php\/produkt\/fritz-box-7583-vplus-gfast-gebraucht\/\">(F\u00fcr VPLUS Bonding FRITZ!Box 7583 verwenden)<\/a><\/li>\n<li>Kein VDSL-LR<\/li>\n<li>Kein ADSL<\/li>\n<li>1x Gigabit Ethernet<\/li>\n<li>1x RJ11 f\u00fcr VDSL<\/li>\n<\/ul>\n<p>Lieferumfang: Modem und Netzteil<\/p>\n<p>m\u00f6gl. Verwendungszwecke:<\/p>\n<ul>\n<li>als Modem bei VDSL Bonding oder VPLUS (ohne Bonding) mit eigenem Router oder einer Fonira FRITZ!Box<\/li>\n<li>als Reserve Modem<\/li>\n<\/ul>\n<p>Hinweis:<\/p>\n<p>Bei Verwendung eines eigenen Routers mit diesem Modem an einer Fonira Leitung muss der Router WAN Seitig auf VLAN Tag 31 eingestellt werden. Bei CGNat die IP \u00fcber DHCP beziehen oder bei einer statische IP mit PPPoE einw\u00e4hlen.<\/p>\n","protected":false},"featured_media":65,"comment_status":"open","ping_status":"closed","template":"","meta":[],"product_brand":[],"product_cat":[17],"product_tag":[18,29,30],"class_list":{"0":"post-64","1":"product","2":"type-product","3":"status-publish","4":"has-post-thumbnail","6":"product_cat-modems","7":"product_tag-modems","8":"product_tag-zyxel","9":"product_tag-bonding","11":"first","12":"outofstock","13":"taxable","14":"shipping-taxable","15":"purchasable","16":"product-type-simple"},"_links":{"self":[{"href":"https:\/\/shop.fonira.at\/index.php\/wp-json\/wp\/v2\/product\/64","targetHints":{"allow":["GET"]}}],"collection":[{"href":"https:\/\/shop.fonira.at\/index.php\/wp-json\/wp\/v2\/product"}],"about":[{"href":"https:\/\/shop.fonira.at\/index.php\/wp-json\/wp\/v2\/types\/product"}],"replies":[{"embeddable":true,"href":"https:\/\/shop.fonira.at\/index.php\/wp-json\/wp\/v2\/comments?post=64"}],"wp:featuredmedia":[{"embeddable":true,"href":"https:\/\/shop.fonira.at\/index.php\/wp-json\/wp\/v2\/media\/65"}],"wp:attachment":[{"href":"https:\/\/shop.fonira.at\/index.php\/wp-json\/wp\/v2\/media?parent=64"}],"wp:term":[{"taxonomy":"product_brand","embeddable":true,"href":"https:\/\/shop.fonira.at\/index.php\/wp-json\/wp\/v2\/product_brand?post=64"},{"taxonomy":"product_cat","embeddable":true,"href":"https:\/\/shop.fonira.at\/index.php\/wp-json\/wp\/v2\/product_cat?post=64"},{"taxonomy":"product_tag","embeddable":true,"href":"https:\/\/shop.fonira.at\/index.php\/wp-json\/wp\/v2\/product_tag?post=64"}],"curies":[{"name":"wp","href":"https:\/\/api.w.org\/{rel}","templated":true}]}}