{"id":810,"date":"2026-03-30T10:14:04","date_gmt":"2026-03-30T08:14:04","guid":{"rendered":"https:\/\/shop.fonira.at\/?post_type=product&#038;p=810"},"modified":"2026-05-04T20:53:41","modified_gmt":"2026-05-04T18:53:41","slug":"fritzbox-7530-repeater","status":"publish","type":"product","link":"https:\/\/shop.fonira.at\/index.php\/produkt\/fritzbox-7530-repeater\/","title":{"rendered":"Aktionsrepeater 7530 gebraucht"},"content":{"rendered":"<p><a href=\"https:\/\/fritz.com\/de-at\/apps\/knowledge-base\/FRITZ-Box-7530\/3354_FRITZ-Box-als-Mesh-Repeater-einrichten?\">Anleitung Einrichtung als Mesh-Repeater<\/a><\/p>\n<p>Mesh, Dual-WLAN: 5 GHz und 2,4 GHz &#8211; jedoch kein Wi-Fi 6 oder Wi-Fi 7<\/p>\n","protected":false},"excerpt":{"rendered":"<p data-start=\"142\" data-end=\"307\">Diese gebrauchte FRITZ!Box 7530 eignet sich optimal zur Erweiterung Ihres WLAN-Netzwerks und wird von uns ausschlie\u00dflich f\u00fcr den Einsatz als WLAN-Repeater angeboten.<\/p>\n<p data-start=\"309\" data-end=\"528\">Bitte beachten Sie: Die Ger\u00e4te sind gebraucht und k\u00f6nnen optische Gebrauchsspuren wie Kratzer oder Verf\u00e4rbungen aufweisen. Der DSL-Port wurde nicht getestet, daher ist die Nutzung als Modem oder Router nicht vorgesehen.<\/p>\n<p data-start=\"530\" data-end=\"547\"><strong data-start=\"530\" data-end=\"547\">Lieferumfang:<\/strong><\/p>\n<ul data-start=\"548\" data-end=\"587\">\n<li data-section-id=\"1crxynq\" data-start=\"548\" data-end=\"576\">FRITZ!Box 7530 (gebraucht)<\/li>\n<li data-section-id=\"1fvx9rt\" data-start=\"577\" data-end=\"587\">Netzteil<\/li>\n<\/ul>\n<p data-start=\"589\" data-end=\"602\"><strong data-start=\"589\" data-end=\"602\">Hinweise:<\/strong><\/p>\n<ul>\n<li style=\"list-style-type: none;\">\n<ul data-start=\"603\" data-end=\"724\">\n<li data-section-id=\"skirlf\" data-start=\"603\" data-end=\"631\">Keine Originalverpackung<\/li>\n<li data-section-id=\"skirlf\" data-start=\"603\" data-end=\"631\">Kein DSL-Kabel enthalten<\/li>\n<li data-section-id=\"qjshnv\" data-start=\"632\" data-end=\"664\">Kein Netzwerkkabel enthalten<\/li>\n<li data-section-id=\"twfns1\" data-start=\"665\" data-end=\"724\">Verkauf ausschlie\u00dflich zur Verwendung als WLAN-Repeater<\/li>\n<\/ul>\n<\/li>\n<\/ul>\n<p>Artikelnummer des Herstellers: 20002845<\/p>\n<p>Mehr Details:\u00a0<a href=\"https:\/\/fritz.com\/de-at\/pages\/service-fritz-box-7530?_pos=3&amp;_sid=85f23d6dd&amp;_ss=r\">https:\/\/fritz.com\/de-at\/pages\/service-fritz-box-7530?_pos=3&amp;_sid=85f23d6dd&amp;_ss=r<\/a><\/p>\n","protected":false},"featured_media":812,"comment_status":"open","ping_status":"closed","template":"","meta":[],"product_brand":[],"product_cat":[15],"product_tag":[19,59],"class_list":{"0":"post-810","1":"product","2":"type-product","3":"status-publish","4":"has-post-thumbnail","6":"product_cat-unkategorisiert","7":"product_tag-avm","8":"product_tag-fritzbox","10":"first","11":"instock","12":"taxable","13":"shipping-taxable","14":"purchasable","15":"product-type-simple"},"_links":{"self":[{"href":"https:\/\/shop.fonira.at\/index.php\/wp-json\/wp\/v2\/product\/810","targetHints":{"allow":["GET"]}}],"collection":[{"href":"https:\/\/shop.fonira.at\/index.php\/wp-json\/wp\/v2\/product"}],"about":[{"href":"https:\/\/shop.fonira.at\/index.php\/wp-json\/wp\/v2\/types\/product"}],"replies":[{"embeddable":true,"href":"https:\/\/shop.fonira.at\/index.php\/wp-json\/wp\/v2\/comments?post=810"}],"wp:featuredmedia":[{"embeddable":true,"href":"https:\/\/shop.fonira.at\/index.php\/wp-json\/wp\/v2\/media\/812"}],"wp:attachment":[{"href":"https:\/\/shop.fonira.at\/index.php\/wp-json\/wp\/v2\/media?parent=810"}],"wp:term":[{"taxonomy":"product_brand","embeddable":true,"href":"https:\/\/shop.fonira.at\/index.php\/wp-json\/wp\/v2\/product_brand?post=810"},{"taxonomy":"product_cat","embeddable":true,"href":"https:\/\/shop.fonira.at\/index.php\/wp-json\/wp\/v2\/product_cat?post=810"},{"taxonomy":"product_tag","embeddable":true,"href":"https:\/\/shop.fonira.at\/index.php\/wp-json\/wp\/v2\/product_tag?post=810"}],"curies":[{"name":"wp","href":"https:\/\/api.w.org\/{rel}","templated":true}]}}